{"id":1159,"date":"2022-01-05T07:59:53","date_gmt":"2022-01-05T07:59:53","guid":{"rendered":"https:\/\/semind.cl\/?page_id=1159"},"modified":"2022-01-06T21:50:59","modified_gmt":"2022-01-06T21:50:59","slug":"maestranza","status":"publish","type":"page","link":"https:\/\/semind.cl\/index.php\/maestranza\/","title":{"rendered":"Maestranza"},"content":{"rendered":"<p>[vc_row][vc_column][vc_empty_space height=\u00bb50px\u00bb][\/vc_column][\/vc_row][vc_row][vc_column][vc_column_text]<\/p>\n<p style=\"text-align: justify;\"><span style=\"font-weight: 400;\">Nuestra \u00e1rea metalmec\u00e1nica confecciona piezas, partes y repuestos que entregan soluciones de mecanizado de alto desempe\u00f1o. Cumplimos con est\u00e1ndares internacionales, entregando productos con la mayor precisi\u00f3n y la m\u00e1s alta calidad y tecnolog\u00eda del mercado.<\/span><\/p>\n<p style=\"text-align: justify;\"><span style=\"font-weight: 400;\">En Semind nos adaptamos a los requerimientos de nuestros clientes, desarrollando productos acordes a sus necesidades y para lograrlo contamos con centros de mecanizado CNC,<\/span><\/p>\n<p style=\"text-align: left;\"><span style=\"font-weight: 400;\">con equipos de marca Haas modelos VF2 \u2013 VF3 y Torno TL3, adem\u00e1s de tornos y fresas convencionales.<\/span><\/p>\n<p>[\/vc_column_text][vc_row_inner][vc_column_inner width=\u00bb1\/2&#8243;][vc_column_text]<strong>Los beneficios de utilizar tecnolog\u00eda CNC son:<\/strong><\/p>\n<ul>\n<li><span style=\"font-weight: 400;\">Excelente relaci\u00f3n entre calidad y costos.<\/span><\/li>\n<li><span style=\"font-weight: 400;\">Terminaciones de alta precisi\u00f3n y calidad.<\/span><\/li>\n<li><span style=\"font-weight: 400;\">Precisi\u00f3n de cada pieza.<\/span><\/li>\n<li><span style=\"font-weight: 400;\">Palpado de piezas.<\/span><\/li>\n<li style=\"font-weight: 400;\" aria-level=\"1\"><span style=\"font-weight: 400;\">Producci\u00f3n en serie.<\/span><\/li>\n<\/ul>\n<p>[\/vc_column_text][\/vc_column_inner][vc_column_inner width=\u00bb1\/2&#8243;][vc_column_text]<strong>Especialidades:<\/strong><\/p>\n<ul>\n<li><span style=\"font-weight: 400;\">Planimetr\u00eda en 3d<\/span><\/li>\n<li><span style=\"font-weight: 400;\">matricer\u00eda<\/span><\/li>\n<li><span style=\"font-weight: 400;\">Fabricaci\u00f3n de Repuestos<\/span><\/li>\n<li><span style=\"font-weight: 400;\">Desarrollos especiales<\/span><\/li>\n<\/ul>\n<p>[\/vc_column_text][\/vc_column_inner][\/vc_row_inner][\/vc_column][\/vc_row]<\/p>\n","protected":false},"excerpt":{"rendered":"<p>[vc_row][vc_column][vc_empty_space height=\u00bb50px\u00bb][\/vc_column][\/vc_row][vc_row][vc_column][vc_column_text] Nuestra \u00e1rea metalmec\u00e1nica confecciona piezas, partes y repuestos que entregan soluciones de mecanizado de alto desempe\u00f1o. Cumplimos con est\u00e1ndares internacionales, entregando productos con la mayor precisi\u00f3n y la m\u00e1s alta calidad y tecnolog\u00eda del mercado. En Semind nos adaptamos a los requerimientos de nuestros clientes, desarrollando productos acordes a sus necesidades y para [&hellip;]<\/p>\n","protected":false},"author":1,"featured_media":0,"parent":0,"menu_order":0,"comment_status":"closed","ping_status":"closed","template":"","meta":{"footnotes":""},"class_list":["post-1159","page","type-page","status-publish","hentry"],"_links":{"self":[{"href":"https:\/\/semind.cl\/index.php\/wp-json\/wp\/v2\/pages\/1159","targetHints":{"allow":["GET"]}}],"collection":[{"href":"https:\/\/semind.cl\/index.php\/wp-json\/wp\/v2\/pages"}],"about":[{"href":"https:\/\/semind.cl\/index.php\/wp-json\/wp\/v2\/types\/page"}],"author":[{"embeddable":true,"href":"https:\/\/semind.cl\/index.php\/wp-json\/wp\/v2\/users\/1"}],"replies":[{"embeddable":true,"href":"https:\/\/semind.cl\/index.php\/wp-json\/wp\/v2\/comments?post=1159"}],"version-history":[{"count":11,"href":"https:\/\/semind.cl\/index.php\/wp-json\/wp\/v2\/pages\/1159\/revisions"}],"predecessor-version":[{"id":1201,"href":"https:\/\/semind.cl\/index.php\/wp-json\/wp\/v2\/pages\/1159\/revisions\/1201"}],"wp:attachment":[{"href":"https:\/\/semind.cl\/index.php\/wp-json\/wp\/v2\/media?parent=1159"}],"curies":[{"name":"wp","href":"https:\/\/api.w.org\/{rel}","templated":true}]}}