{"id":173,"date":"2018-11-07T07:34:16","date_gmt":"2018-11-07T07:34:16","guid":{"rendered":"http:\/\/localhost\/industro\/?page_id=173"},"modified":"2022-01-06T21:40:52","modified_gmt":"2022-01-06T21:40:52","slug":"quienes-somos","status":"publish","type":"page","link":"https:\/\/semind.cl\/index.php\/quienes-somos\/","title":{"rendered":"Qui\u00e9nes Somos"},"content":{"rendered":"<p>[vc_row][vc_column][vc_empty_space height=\u00bb50px\u00bb][\/vc_column][\/vc_row][vc_row][vc_column][vc_column_text]<\/p>\n<p style=\"text-align: justify;\"><span style=\"font-weight: 400;\">Semind es una empresa formada en el a\u00f1o 2015, inici\u00e1ndose en el servicio de mantenciones preventivas y correctivas para maquinarias de laboratorios farmac\u00e9uticos, logrando obtener representaciones internacionales de distintos equipos. Con el tiempo se obtiene la oportunidad de adquirir centros de mecanizado CNC, para la fabricaci\u00f3n de piezas, expandiendo el rubro a Maestranza CNC. Esto genero el avance de las mantenciones a la actualizaci\u00f3n y fabricaci\u00f3n de maquinaria exclusiva para cada uno de nuestros clientes, logrando la incorporaci\u00f3n de equipos de automatizaci\u00f3n tales como PLC, HMI y Servomotores. Actualmente nos dedicamos fuertemente a la fabricaci\u00f3n de piezas para la miner\u00eda.\u00a0<\/span><\/p>\n<p>[\/vc_column_text][\/vc_column][\/vc_row][vc_row][vc_column width=\u00bb1\/2&#8243;][vc_custom_heading text=\u00bbMisi\u00f3n\u00bb font_container=\u00bbtag:h3|text_align:left\u00bb use_theme_fonts=\u00bbyes\u00bb][vc_column_text]<\/p>\n<p style=\"text-align: justify;\">Nuestro objetivo es ser su principal colaborador en el mantenimiento industrial de su empresa, y para lograrlo ponemos a su disposici\u00f3n a todo nuestro equipo de profesionales del \u00e1rea de ingenier\u00eda, innovaci\u00f3n y mantenimiento, que con una trayectoria y experiencia de m\u00e1s de 10 a\u00f1os en el mercado industrial, permite que nos posicionemos como una empresa responsable, con excelente calidad de servicio y encargarnos de cada paso del mantenimiento industrial dentro de su empresa.<\/p>\n<p style=\"text-align: justify;\">Somos especialistas en entregar soluciones en las \u00e1reas de: mantenimiento, evaluaci\u00f3n, montaje e instalaci\u00f3n, planificaci\u00f3n y ejecuci\u00f3n de mantenimiento, capacitaci\u00f3n para manipulaci\u00f3n de maquinaria, desarrollo de mejoras en proceso productivo, fabricaci\u00f3n de piezas industriales en nuestra maestranza CNC, reparaci\u00f3n, restauraci\u00f3n e innovaci\u00f3n y la realizaci\u00f3n de proyectos industriales seg\u00fan el requerimiento de cada cliente.<\/p>\n<p>[\/vc_column_text][\/vc_column][vc_column width=\u00bb1\/2&#8243;][vc_custom_heading text=\u00bbVisi\u00f3n\u00bb font_container=\u00bbtag:h3|text_align:left\u00bb use_theme_fonts=\u00bbyes\u00bb][vc_column_text]<\/p>\n<p style=\"text-align: justify;\">En Semind entregamos todo tipo de soluciones para el correcto funcionamiento de la maquinaria industrial de su empresa.<\/p>\n<p style=\"text-align: justify;\">Estamos a su servicio y al servicio del mantenimiento industrial. Brindamos a cada uno de nuestros clientes una atenci\u00f3n personalizada, colaboradora e innovadora en cada uno de los proyectos que en conjunto con nuestro equipo de especialistas industriales ejecutaremos a la medida que usted lo requiera.<\/p>\n<p>[\/vc_column_text][\/vc_column][\/vc_row][vc_row][vc_column][vc_empty_space height=\u00bb100px\u00bb][\/vc_column][\/vc_row]<\/p>\n","protected":false},"excerpt":{"rendered":"<p>[vc_row][vc_column][vc_empty_space height=\u00bb50px\u00bb][\/vc_column][\/vc_row][vc_row][vc_column][vc_column_text] Semind es una empresa formada en el a\u00f1o 2015, inici\u00e1ndose en el servicio de mantenciones preventivas y correctivas para maquinarias de laboratorios farmac\u00e9uticos, logrando obtener representaciones internacionales de distintos equipos. Con el tiempo se obtiene la oportunidad de adquirir centros de mecanizado CNC, para la fabricaci\u00f3n de piezas, expandiendo el rubro a Maestranza [&hellip;]<\/p>\n","protected":false},"author":1,"featured_media":0,"parent":0,"menu_order":0,"comment_status":"closed","ping_status":"closed","template":"","meta":{"footnotes":""},"class_list":["post-173","page","type-page","status-publish","hentry"],"_links":{"self":[{"href":"https:\/\/semind.cl\/index.php\/wp-json\/wp\/v2\/pages\/173","targetHints":{"allow":["GET"]}}],"collection":[{"href":"https:\/\/semind.cl\/index.php\/wp-json\/wp\/v2\/pages"}],"about":[{"href":"https:\/\/semind.cl\/index.php\/wp-json\/wp\/v2\/types\/page"}],"author":[{"embeddable":true,"href":"https:\/\/semind.cl\/index.php\/wp-json\/wp\/v2\/users\/1"}],"replies":[{"embeddable":true,"href":"https:\/\/semind.cl\/index.php\/wp-json\/wp\/v2\/comments?post=173"}],"version-history":[{"count":11,"href":"https:\/\/semind.cl\/index.php\/wp-json\/wp\/v2\/pages\/173\/revisions"}],"predecessor-version":[{"id":1042,"href":"https:\/\/semind.cl\/index.php\/wp-json\/wp\/v2\/pages\/173\/revisions\/1042"}],"wp:attachment":[{"href":"https:\/\/semind.cl\/index.php\/wp-json\/wp\/v2\/media?parent=173"}],"curies":[{"name":"wp","href":"https:\/\/api.w.org\/{rel}","templated":true}]}}